{"id":379,"date":"2024-01-12T12:01:28","date_gmt":"2024-01-12T11:01:28","guid":{"rendered":"https:\/\/papmehl.ws.binteso.de\/de\/?page_id=379"},"modified":"2024-01-12T12:02:21","modified_gmt":"2024-01-12T11:02:21","slug":"impressum","status":"publish","type":"page","link":"https:\/\/pmc.srv1.binteso.de\/de\/impressum\/","title":{"rendered":"Impressum"},"content":{"rendered":"\t\t<div data-elementor-type=\"wp-page\" data-elementor-id=\"379\" class=\"elementor elementor-379\" data-elementor-post-type=\"page\">\n\t\t\t\t<div class=\"elementor-element elementor-element-b978ffb e-flex e-con-boxed e-con e-parent\" data-id=\"b978ffb\" data-element_type=\"container\" data-settings=\"{&quot;content_width&quot;:&quot;boxed&quot;}\" data-core-v316-plus=\"true\">\n\t\t\t\t\t<div class=\"e-con-inner\">\n\t\t\t\t<div class=\"elementor-element elementor-element-87db2f5 elementor-widget elementor-widget-text-editor\" data-id=\"87db2f5\" data-element_type=\"widget\" data-widget_type=\"text-editor.default\">\n\t\t\t\t<div class=\"elementor-widget-container\">\n\t\t\t<style>\/*! elementor - v3.19.0 - 07-02-2024 *\/\n.elementor-widget-text-editor.elementor-drop-cap-view-stacked .elementor-drop-cap{background-color:#69727d;color:#fff}.elementor-widget-text-editor.elementor-drop-cap-view-framed .elementor-drop-cap{color:#69727d;border:3px solid;background-color:transparent}.elementor-widget-text-editor:not(.elementor-drop-cap-view-default) .elementor-drop-cap{margin-top:8px}.elementor-widget-text-editor:not(.elementor-drop-cap-view-default) .elementor-drop-cap-letter{width:1em;height:1em}.elementor-widget-text-editor .elementor-drop-cap{float:left;text-align:center;line-height:1;font-size:50px}.elementor-widget-text-editor .elementor-drop-cap-letter{display:inline-block}<\/style>\t\t\t\t<table border=\"0\" cellspacing=\"0\" cellpadding=\"0\"><tbody><tr><td><strong>Papmehl Management Consulting<\/strong><br \/>Andr\u00e9 Papmehl<br \/>Joseph-Haydn-Stra\u00dfe 13<br \/>D-71263 Weil der Stadt<\/td><td valign=\"top\"><table border=\"0\" cellspacing=\"0\" cellpadding=\"0\"><tbody><tr><td width=\"45\">Tel:<\/td><td>0049-157-53681459<\/td><\/tr><tr><td>\u00a0<\/td><td>\u00a0<\/td><\/tr><tr><td>Email:<\/td><td><a href=\"mailto:info@papmehl.com\">info@papmehl.com<\/a><\/td><\/tr><tr><td>URL:<\/td><td><a href=\"http:\/\/www.papmehl.com\/index.html\" target=\"_blank\" rel=\"noopener\">www.papmehl.com<\/a><\/td><\/tr><\/tbody><\/table><\/td><\/tr><\/tbody><\/table><p><strong>Haftungshinweis:<\/strong>\u00a0Trotz sorgf\u00e4ltiger inhaltlicher Kontrolle \u00fcbernehmen wir keine Haftung<br \/>f\u00fcr die Inhalte externer Links. F\u00fcr den Inhalt der verlinkten Seiten sind ausschlie\u00dflich<br \/>deren Seitenbetreiber verantwortlich.<\/p><p>\u00a0<\/p><p><strong>Stand:\u00a0<\/strong>M\u00e4rz 2021<\/p><p><strong>Umsatzsteuer-ID<\/strong>: DE265298582<\/p><p><strong>Copyright:<\/strong>\u00a0S\u00e4mtliche Texte, Grafiken und Bilder sind urheberrechtlich gesch\u00fctzt; eine Verwendung<br \/>ist nur mit ausdr\u00fccklicher, schriftlicher Genehmigung durch Andr\u00e9 Papmehl zul\u00e4ssig.<\/p>\t\t\t\t\t\t<\/div>\n\t\t\t\t<\/div>\n\t\t\t\t\t<\/div>\n\t\t\t\t<\/div>\n\t\t\t\t<\/div>\n\t\t","protected":false},"excerpt":{"rendered":"<p>Papmehl Management ConsultingAndr\u00e9 PapmehlJoseph-Haydn-Stra\u00dfe 13D-71263 Weil der Stadt Tel: 0049-157-53681459 \u00a0 \u00a0 Email: info@papmehl.com URL: www.papmehl.com Haftungshinweis:\u00a0Trotz sorgf\u00e4ltiger inhaltlicher Kontrolle \u00fcbernehmen wir keine Haftungf\u00fcr die Inhalte externer Links. F\u00fcr den Inhalt der verlinkten Seiten sind ausschlie\u00dflichderen Seitenbetreiber verantwortlich. \u00a0 Stand:\u00a0M\u00e4rz 2021 Umsatzsteuer-ID: DE265298582 Copyright:\u00a0S\u00e4mtliche Texte, Grafiken und Bilder sind urheberrechtlich gesch\u00fctzt; eine Verwendungist nur mit [&hellip;]<\/p>\n","protected":false},"author":1,"featured_media":0,"parent":0,"menu_order":0,"comment_status":"closed","ping_status":"closed","template":"","meta":{"footnotes":""},"class_list":["post-379","page","type-page","status-publish","hentry"],"_links":{"self":[{"href":"https:\/\/pmc.srv1.binteso.de\/de\/wp-json\/wp\/v2\/pages\/379","targetHints":{"allow":["GET"]}}],"collection":[{"href":"https:\/\/pmc.srv1.binteso.de\/de\/wp-json\/wp\/v2\/pages"}],"about":[{"href":"https:\/\/pmc.srv1.binteso.de\/de\/wp-json\/wp\/v2\/types\/page"}],"author":[{"embeddable":true,"href":"https:\/\/pmc.srv1.binteso.de\/de\/wp-json\/wp\/v2\/users\/1"}],"replies":[{"embeddable":true,"href":"https:\/\/pmc.srv1.binteso.de\/de\/wp-json\/wp\/v2\/comments?post=379"}],"version-history":[{"count":4,"href":"https:\/\/pmc.srv1.binteso.de\/de\/wp-json\/wp\/v2\/pages\/379\/revisions"}],"predecessor-version":[{"id":385,"href":"https:\/\/pmc.srv1.binteso.de\/de\/wp-json\/wp\/v2\/pages\/379\/revisions\/385"}],"wp:attachment":[{"href":"https:\/\/pmc.srv1.binteso.de\/de\/wp-json\/wp\/v2\/media?parent=379"}],"curies":[{"name":"wp","href":"https:\/\/api.w.org\/{rel}","templated":true}]}}